{"id":949,"date":"2025-01-29T09:38:32","date_gmt":"2025-01-29T09:38:32","guid":{"rendered":"https:\/\/www.rappolz666.at\/?page_id=949"},"modified":"2025-01-29T09:50:26","modified_gmt":"2025-01-29T09:50:26","slug":"motorsport-meets-apres-ski","status":"publish","type":"page","link":"http:\/\/www.rappolz666.at\/?page_id=949","title":{"rendered":"Motorsport meets Apr\u00e9s-Ski"},"content":{"rendered":"\n<p>Im Rahmen von Rappolz666 wird es am gesamten Rennwochenende zus\u00e4tzlich zur Renn-Action ein Event der besonderen Art geben:<\/p>\n\n\n\n<h2 class=\"has-text-align-center\" style=\"font-size:50px\"><strong><span class=\"has-inline-color has-tertiary-color\">6. &amp; 7. JUNI 2025<\/span><\/strong><\/h2>\n\n\n\n<figure class=\"wp-block-image size-large\"><img loading=\"lazy\" width=\"1200\" height=\"1200\" src=\"https:\/\/www.rappolz666.at\/wp-content\/uploads\/2025\/01\/Logo-MS-APRESSKI-1200x1200.png\" alt=\"\" class=\"wp-image-951\" srcset=\"http:\/\/www.rappolz666.at\/wp-content\/uploads\/2025\/01\/Logo-MS-APRESSKI-1200x1200.png 1200w, http:\/\/www.rappolz666.at\/wp-content\/uploads\/2025\/01\/Logo-MS-APRESSKI-300x300.png 300w, http:\/\/www.rappolz666.at\/wp-content\/uploads\/2025\/01\/Logo-MS-APRESSKI-150x150.png 150w, http:\/\/www.rappolz666.at\/wp-content\/uploads\/2025\/01\/Logo-MS-APRESSKI-768x768.png 768w, http:\/\/www.rappolz666.at\/wp-content\/uploads\/2025\/01\/Logo-MS-APRESSKI-1536x1536.png 1536w, http:\/\/www.rappolz666.at\/wp-content\/uploads\/2025\/01\/Logo-MS-APRESSKI-2048x2048.png 2048w\" sizes=\"(max-width: 1200px) 100vw, 1200px\" \/><\/figure>\n\n\n\n<p class=\"has-text-align-center\"><span style=\"color:#0183bb\" class=\"has-inline-color\"><strong>Am Freitag den 6.6.2025 ab 17:00 Uhr DJ, Festzelt mit Event-Profi Bianca Sch\u00f6n und Team (aus TV und Instagram bekannt)<\/strong><\/span><\/p>\n\n\n\n<p class=\"has-text-align-center\" style=\"font-size:27px\"><span style=\"color:#016f9e\" class=\"has-inline-color\">Samstag ist das Festzelt w\u00e4hrend der gesamten Rennveranstaltung ge\u00f6ffnet, im Anschlu\u00df an die Siegerehrung <\/span><\/p>\n\n\n\n<p class=\"has-text-align-center\" style=\"font-size:60px\"><span class=\"has-inline-color has-tertiary-color\"><strong>LIVE ACT<\/strong><\/span><\/p>\n\n\n\n<p class=\"has-text-align-center\" style=\"font-size:40px\"><strong><span class=\"has-inline-color has-tertiary-color\">Die Apr\u00e9s-Ski Stars <\/span><\/strong><\/p>\n\n\n\n<p class=\"has-text-align-center\" style=\"font-size:60px\"><strong><span class=\"has-inline-color has-tertiary-color\">&#8222;KORNFELD&#8220;<\/span><\/strong><\/p>\n\n\n\n<figure class=\"wp-block-image size-large\"><img loading=\"lazy\" width=\"1616\" height=\"803\" src=\"https:\/\/www.rappolz666.at\/wp-content\/uploads\/2025\/01\/Kornfeld-Logo.jpg\" alt=\"\" class=\"wp-image-954\" srcset=\"http:\/\/www.rappolz666.at\/wp-content\/uploads\/2025\/01\/Kornfeld-Logo.jpg 1616w, http:\/\/www.rappolz666.at\/wp-content\/uploads\/2025\/01\/Kornfeld-Logo-300x149.jpg 300w, http:\/\/www.rappolz666.at\/wp-content\/uploads\/2025\/01\/Kornfeld-Logo-768x382.jpg 768w, http:\/\/www.rappolz666.at\/wp-content\/uploads\/2025\/01\/Kornfeld-Logo-1536x763.jpg 1536w\" sizes=\"(max-width: 1616px) 100vw, 1616px\" \/><\/figure>\n\n\n\n<figure class=\"wp-block-image size-large\"><img loading=\"lazy\" width=\"960\" height=\"540\" src=\"https:\/\/www.rappolz666.at\/wp-content\/uploads\/2025\/01\/Kornfeld3.jpg\" alt=\"\" class=\"wp-image-956\" srcset=\"http:\/\/www.rappolz666.at\/wp-content\/uploads\/2025\/01\/Kornfeld3.jpg 960w, http:\/\/www.rappolz666.at\/wp-content\/uploads\/2025\/01\/Kornfeld3-300x169.jpg 300w, http:\/\/www.rappolz666.at\/wp-content\/uploads\/2025\/01\/Kornfeld3-768x432.jpg 768w\" sizes=\"(max-width: 960px) 100vw, 960px\" \/><\/figure>\n\n\n\n<p><\/p>\n\n\n\n<p><\/p>\n","protected":false},"excerpt":{"rendered":"<p>Im Rahmen von Rappolz666 wird es am gesamten Rennwochenende zus\u00e4tzlich zur Renn-Action ein Event der besonderen Art geben: 6. &amp; 7. JUNI 2025 Am Freitag [&#8230;]<\/p>\n","protected":false},"author":1,"featured_media":920,"parent":0,"menu_order":0,"comment_status":"closed","ping_status":"closed","template":"","meta":[],"_links":{"self":[{"href":"http:\/\/www.rappolz666.at\/index.php?rest_route=\/wp\/v2\/pages\/949"}],"collection":[{"href":"http:\/\/www.rappolz666.at\/index.php?rest_route=\/wp\/v2\/pages"}],"about":[{"href":"http:\/\/www.rappolz666.at\/index.php?rest_route=\/wp\/v2\/types\/page"}],"author":[{"embeddable":true,"href":"http:\/\/www.rappolz666.at\/index.php?rest_route=\/wp\/v2\/users\/1"}],"replies":[{"embeddable":true,"href":"http:\/\/www.rappolz666.at\/index.php?rest_route=%2Fwp%2Fv2%2Fcomments&post=949"}],"version-history":[{"count":8,"href":"http:\/\/www.rappolz666.at\/index.php?rest_route=\/wp\/v2\/pages\/949\/revisions"}],"predecessor-version":[{"id":972,"href":"http:\/\/www.rappolz666.at\/index.php?rest_route=\/wp\/v2\/pages\/949\/revisions\/972"}],"wp:featuredmedia":[{"embeddable":true,"href":"http:\/\/www.rappolz666.at\/index.php?rest_route=\/wp\/v2\/media\/920"}],"wp:attachment":[{"href":"http:\/\/www.rappolz666.at\/index.php?rest_route=%2Fwp%2Fv2%2Fmedia&parent=949"}],"curies":[{"name":"wp","href":"https:\/\/api.w.org\/{rel}","templated":true}]}}