{"id":35,"date":"2016-01-01T18:00:00","date_gmt":"2016-01-01T18:00:00","guid":{"rendered":"http:\/\/www.rappolz666.at\/?page_id=35"},"modified":"2024-12-02T11:05:31","modified_gmt":"2024-12-02T11:05:31","slug":"wp-content-uploads-2019-04-nennformular2019-07-13-pdf","status":"publish","type":"page","link":"http:\/\/www.rappolz666.at\/?page_id=35","title":{"rendered":"Nennformular 2025"},"content":{"rendered":"<p>Hier das Nennformular 2025 f\u00fcr den 07.06.2025: (Achtung: es gibt 2025 nur einen Termin!)<\/p>\n<p><a href=\"http:\/\/www.rappolz666.at\/wp-content\/uploads\/2024\/11\/NENNFORMULAR-2025-1.pdf\">Nennformular 07.06.2025<\/a><\/p>\n<p>Bitte das ausgef\u00fcllte Nennformular an info@dynamitetours.at senden.<\/p>\n<p>Ihr bekommt dann binnen einer Woche eine Best\u00e4tigung per Mail, danach ist die Nenngeb\u00fchr an das angegebene Konto zu \u00fcberweisen, erst nach erfolgter \u00dcberweisung ist die Nennung g\u00fcltig.<\/p>\n<p>Bitte unbedingt bei der \u00dcberweisung den Teamnamen angeben und f\u00fcr das gesamte Team auf einmal \u00fcberweisen!<\/p>\n<p>Unsere Kontoverbindung: MSC Thayatal, Iban: AT58 3290 4000 0290 5198<\/p>\n<p>Hier noch mal das aktuelle <a href=\"http:\/\/www.rappolz666.at\/wp-content\/uploads\/2024\/12\/Regelwerk-Rappolz-666.pdf\">Regelwerk<\/a><\/p>\n<div class=\"\" data-offset-key=\"breb1-0-0\" data-editor=\"1ugce\" data-block=\"true\">\n<div data-offset-key=\"breb1-0-0\"><hr \/><\/div>\n<\/div>\n\n\n<p><\/p>\n","protected":false},"excerpt":{"rendered":"<p>Hier das Nennformular 2025 f\u00fcr den 07.06.2025: (Achtung: es gibt 2025 nur einen Termin!) Nennformular 07.06.2025 Bitte das ausgef\u00fcllte Nennformular an info@dynamitetours.at senden. Ihr bekommt [&#8230;]<\/p>\n","protected":false},"author":1,"featured_media":920,"parent":0,"menu_order":0,"comment_status":"closed","ping_status":"closed","template":"","meta":[],"_links":{"self":[{"href":"http:\/\/www.rappolz666.at\/index.php?rest_route=\/wp\/v2\/pages\/35"}],"collection":[{"href":"http:\/\/www.rappolz666.at\/index.php?rest_route=\/wp\/v2\/pages"}],"about":[{"href":"http:\/\/www.rappolz666.at\/index.php?rest_route=\/wp\/v2\/types\/page"}],"author":[{"embeddable":true,"href":"http:\/\/www.rappolz666.at\/index.php?rest_route=\/wp\/v2\/users\/1"}],"replies":[{"embeddable":true,"href":"http:\/\/www.rappolz666.at\/index.php?rest_route=%2Fwp%2Fv2%2Fcomments&post=35"}],"version-history":[{"count":62,"href":"http:\/\/www.rappolz666.at\/index.php?rest_route=\/wp\/v2\/pages\/35\/revisions"}],"predecessor-version":[{"id":938,"href":"http:\/\/www.rappolz666.at\/index.php?rest_route=\/wp\/v2\/pages\/35\/revisions\/938"}],"wp:featuredmedia":[{"embeddable":true,"href":"http:\/\/www.rappolz666.at\/index.php?rest_route=\/wp\/v2\/media\/920"}],"wp:attachment":[{"href":"http:\/\/www.rappolz666.at\/index.php?rest_route=%2Fwp%2Fv2%2Fmedia&parent=35"}],"curies":[{"name":"wp","href":"https:\/\/api.w.org\/{rel}","templated":true}]}}